{"id":2555,"date":"2023-03-04T20:51:06","date_gmt":"2023-03-04T19:51:06","guid":{"rendered":"http:\/\/www.roland.ovh\/?page_id=2555"},"modified":"2023-06-02T16:00:13","modified_gmt":"2023-06-02T14:00:13","slug":"accueil-famille-perrillat-amede-bijasson","status":"publish","type":"page","link":"https:\/\/www.roland.ovh\/index.php\/accueil-famille-perrillat-amede-bijasson\/","title":{"rendered":"Accueil famille Perrillat Am\u00e9d\u00e9"},"content":{"rendered":"","protected":true},"excerpt":{"rendered":"","protected":true},"author":1,"featured_media":0,"parent":0,"menu_order":0,"comment_status":"closed","ping_status":"closed","template":"","meta":{"advgb_blocks_editor_width":"","advgb_blocks_columns_visual_guide":""},"coauthors":[],"author_meta":{"author_link":"https:\/\/www.roland.ovh\/index.php\/author\/admin\/","display_name":"Admin"},"relative_dates":{"created":"Publi\u00e9 3 ans il y a","modified":"Mis \u00e0 jour 3 ans il y a"},"absolute_dates":{"created":"Publi\u00e9 le 4 mars 2023","modified":"Mise \u00e0 jour le 2 juin 2023"},"absolute_dates_time":{"created":"Publi\u00e9 le 4 mars 2023 20 h 51 min","modified":"Mise \u00e0 jour le 2 juin 2023 16 h 00 min"},"featured_img_caption":"","featured_img":false,"series_order":"","_links":{"self":[{"href":"https:\/\/www.roland.ovh\/index.php\/wp-json\/wp\/v2\/pages\/2555"}],"collection":[{"href":"https:\/\/www.roland.ovh\/index.php\/wp-json\/wp\/v2\/pages"}],"about":[{"href":"https:\/\/www.roland.ovh\/index.php\/wp-json\/wp\/v2\/types\/page"}],"author":[{"embeddable":true,"href":"https:\/\/www.roland.ovh\/index.php\/wp-json\/wp\/v2\/users\/1"}],"replies":[{"embeddable":true,"href":"https:\/\/www.roland.ovh\/index.php\/wp-json\/wp\/v2\/comments?post=2555"}],"version-history":[{"count":29,"href":"https:\/\/www.roland.ovh\/index.php\/wp-json\/wp\/v2\/pages\/2555\/revisions"}],"predecessor-version":[{"id":3602,"href":"https:\/\/www.roland.ovh\/index.php\/wp-json\/wp\/v2\/pages\/2555\/revisions\/3602"}],"wp:attachment":[{"href":"https:\/\/www.roland.ovh\/index.php\/wp-json\/wp\/v2\/media?parent=2555"}],"curies":[{"name":"wp","href":"https:\/\/api.w.org\/{rel}","templated":true}]}}