{"id":2513,"date":"2021-12-05T17:05:17","date_gmt":"2021-12-05T16:05:17","guid":{"rendered":"http:\/\/www.roland.ovh\/?page_id=2513"},"modified":"2025-11-25T14:53:49","modified_gmt":"2025-11-25T13:53:49","slug":"accueil-famille-desdoits-desdouets","status":"publish","type":"page","link":"https:\/\/www.roland.ovh\/index.php\/accueil-famille-desdoits-desdouets\/","title":{"rendered":"Accueil famille Desdoits &#8211; Desdouets"},"content":{"rendered":"","protected":true},"excerpt":{"rendered":"","protected":true},"author":1,"featured_media":0,"parent":0,"menu_order":0,"comment_status":"closed","ping_status":"closed","template":"","meta":{"advgb_blocks_editor_width":"","advgb_blocks_columns_visual_guide":""},"coauthors":[],"author_meta":{"author_link":"https:\/\/www.roland.ovh\/index.php\/author\/admin\/","display_name":"Admin"},"relative_dates":{"created":"Publi\u00e9 4 ans il y a","modified":"Mis \u00e0 jour 5 mois il y a"},"absolute_dates":{"created":"Publi\u00e9 le 5 d\u00e9cembre 2021","modified":"Mise \u00e0 jour le 25 novembre 2025"},"absolute_dates_time":{"created":"Publi\u00e9 le 5 d\u00e9cembre 2021 17 h 05 min","modified":"Mise \u00e0 jour le 25 novembre 2025 14 h 53 min"},"featured_img_caption":"","featured_img":false,"series_order":"","_links":{"self":[{"href":"https:\/\/www.roland.ovh\/index.php\/wp-json\/wp\/v2\/pages\/2513"}],"collection":[{"href":"https:\/\/www.roland.ovh\/index.php\/wp-json\/wp\/v2\/pages"}],"about":[{"href":"https:\/\/www.roland.ovh\/index.php\/wp-json\/wp\/v2\/types\/page"}],"author":[{"embeddable":true,"href":"https:\/\/www.roland.ovh\/index.php\/wp-json\/wp\/v2\/users\/1"}],"replies":[{"embeddable":true,"href":"https:\/\/www.roland.ovh\/index.php\/wp-json\/wp\/v2\/comments?post=2513"}],"version-history":[{"count":9,"href":"https:\/\/www.roland.ovh\/index.php\/wp-json\/wp\/v2\/pages\/2513\/revisions"}],"predecessor-version":[{"id":3857,"href":"https:\/\/www.roland.ovh\/index.php\/wp-json\/wp\/v2\/pages\/2513\/revisions\/3857"}],"wp:attachment":[{"href":"https:\/\/www.roland.ovh\/index.php\/wp-json\/wp\/v2\/media?parent=2513"}],"curies":[{"name":"wp","href":"https:\/\/api.w.org\/{rel}","templated":true}]}}